{"id":68,"date":"2022-11-19T03:27:05","date_gmt":"2022-11-19T03:27:05","guid":{"rendered":"https:\/\/trikon.themekitify.com\/?page_id=68"},"modified":"2024-01-08T10:47:57","modified_gmt":"2024-01-08T07:47:57","slug":"about-us","status":"publish","type":"page","link":"https:\/\/papelart.com.tr\/sr\/about-us\/","title":{"rendered":"O nama"},"content":{"rendered":"<div data-elementor-type=\"wp-page\" data-elementor-id=\"68\" class=\"elementor elementor-68\">\n\t\t\t\t\t\t\t<div class=\"elementor-element elementor-element-a253c69 e-flex e-con-boxed kitify-col-width-auto-no ignore-docs-style-no kitify-disable-relative-no e-root-container elementor-top-section e-con\" data-id=\"a253c69\" data-element_type=\"container\" data-settings=\"{&quot;content_width&quot;:&quot;boxed&quot;}\">\n\t\t\t\t\t<div class=\"e-con-inner\">\n\t\t\t\t<div class=\"elementor-element elementor-element-919f0cf kitify-breadcrumbs-page-title-yes elementor-widget kitify elementor-kitify-breadcrumbs\" data-id=\"919f0cf\" data-element_type=\"widget\" data-widget_type=\"kitify-breadcrumbs.default\">\n\t\t\t\t<div class=\"elementor-widget-container\">\n\t\t\t\n\t\t<div class=\"kitify-breadcrumbs\">\n\t\t<div class=\"kitify-breadcrumbs__content\">\n\t\t<div class=\"kitify-breadcrumbs__wrap\"><div class=\"kitify-breadcrumbs__item\"><a href=\"https:\/\/papelart.com.tr\/sr\/\" class=\"kitify-breadcrumbs__item-link is-home\" rel=\"home\" title=\"Naslovna\">Naslovna<\/a><\/div>\n\t\t<\/div>\n\t\t<\/div>\n\t\t<\/div>\t\t<\/div>\n\t\t\t\t<\/div>\n\t\t\t\t\t<\/div>\n\t\t\t\t<\/div>\n\t\t<div class=\"elementor-element elementor-element-56387a0 e-flex e-con-boxed kitify-col-width-auto-no ignore-docs-style-no kitify-disable-relative-no e-root-container elementor-top-section e-con\" data-id=\"56387a0\" data-element_type=\"container\" data-settings=\"{&quot;content_width&quot;:&quot;boxed&quot;}\">\n\t\t\t\t\t<div class=\"e-con-inner\">\n\t\t<div class=\"elementor-element elementor-element-ad1f0f3 e-con-full e-flex kitify-col-width-auto-no ignore-docs-style-no kitify-disable-relative-no elementor-invisible kitify-has-entrance-animation e-con\" data-id=\"ad1f0f3\" data-element_type=\"container\" data-settings=\"{&quot;content_width&quot;:&quot;full&quot;,&quot;animation&quot;:&quot;kitifyShortFadeInUp&quot;}\">\n\t\t\t\t<div class=\"elementor-element elementor-element-77554e4 bannerlist--preset-default elementor-widget kitify elementor-kitify-banner-list\" data-id=\"77554e4\" data-element_type=\"widget\" data-widget_type=\"kitify-banner-list.default\">\n\t\t\t\t<div class=\"elementor-widget-container\">\n\t\t\t\r\n<div class=\"kitify-bannerlist layout-type-flat preset-default kitify-masonry-wrapper\" data-item_selector=\".kitify-bannerlist__item\"  data-kitifymasonry_itemselector=\".kitify-bannerlist__item\" data-kitifymasonry_wrap=\".kitify-bannerlist__list\">\r\n        <div class=\"kitify-bannerlist__list_wrapper\">\r\n        <div class=\"kitify-bannerlist__list col-row\">\r\n            <div class=\"elementor-repeater-item-83bd786 kitify-bannerlist__item col-desk-2 col-lap-2 col-tab-2 col-tabp-2\">\r\n\t<div class=\"kitify-bannerlist__inner\">\r\n\t\t<a class=\"kitify-bannerlist__link\">\r\n\t\t\t<div class=\"kitify-bannerlist__image\"><img decoding=\"async\" src=\"https:\/\/papelart.com.tr\/wp-content\/uploads\/2023\/07\/papelart1.jpg\" alt=\"\" loading=\"lazy\" class=\"kitify-bannerlist__image-instance\" width=\"600\" height=\"1200\" style=\"--img-height:1200px\">\t\t\t<\/div>\r\n\t\t\t<div class=\"kitify-bannerlist__content\">\r\n                <div class=\"kitify-bannerlist__content-inner\"><\/div>\r\n            <\/div>\r\n\t\t<\/a>\r\n\t<\/div>\r\n<\/div><div class=\"elementor-repeater-item-031b933 kitify-bannerlist__item col-desk-2 col-lap-2 col-tab-2 col-tabp-2\">\r\n\t<div class=\"kitify-bannerlist__inner\">\r\n\t\t<a class=\"kitify-bannerlist__link\">\r\n\t\t\t<div class=\"kitify-bannerlist__image\"><img decoding=\"async\" src=\"https:\/\/papelart.com.tr\/wp-content\/uploads\/2023\/07\/papelart2-1.jpeg\" alt=\"\" loading=\"lazy\" class=\"kitify-bannerlist__image-instance\" width=\"600\" height=\"580\" style=\"--img-height:580px\">\t\t\t<\/div>\r\n\t\t\t<div class=\"kitify-bannerlist__content\">\r\n                <div class=\"kitify-bannerlist__content-inner\"><\/div>\r\n            <\/div>\r\n\t\t<\/a>\r\n\t<\/div>\r\n<\/div><div class=\"elementor-repeater-item-483d107 kitify-bannerlist__item col-desk-2 col-lap-2 col-tab-2 col-tabp-2\">\r\n\t<div class=\"kitify-bannerlist__inner\">\r\n\t\t<a class=\"kitify-bannerlist__link\">\r\n\t\t\t<div class=\"kitify-bannerlist__image\"><img decoding=\"async\" src=\"https:\/\/papelart.com.tr\/wp-content\/uploads\/2023\/07\/papelart3.jpeg\" alt=\"\" loading=\"lazy\" class=\"kitify-bannerlist__image-instance\" width=\"600\" height=\"580\" style=\"--img-height:580px\">\t\t\t<\/div>\r\n\t\t\t<div class=\"kitify-bannerlist__content\">\r\n                <div class=\"kitify-bannerlist__content-inner\"><\/div>\r\n            <\/div>\r\n\t\t<\/a>\r\n\t<\/div>\r\n<\/div>        <\/div>\r\n    <\/div>\r\n    <\/div>\t\t<\/div>\n\t\t\t\t<\/div>\n\t\t\t\t<\/div>\n\t\t<div class=\"elementor-element elementor-element-cf45de6 e-con-full e-flex kitify-col-width-auto-no ignore-docs-style-no kitify-disable-relative-no e-con\" data-id=\"cf45de6\" data-element_type=\"container\" data-settings=\"{&quot;content_width&quot;:&quot;full&quot;}\">\n\t\t\t\t<div class=\"elementor-element elementor-element-80fd2c8 elementor-invisible kitify-has-entrance-animation elementor-widget elementor-widget-heading\" data-id=\"80fd2c8\" data-element_type=\"widget\" data-settings=\"{&quot;_animation&quot;:&quot;kitifyShortFadeInUp&quot;,&quot;_animation_delay&quot;:400}\" data-widget_type=\"heading.default\">\n\t\t\t\t<div class=\"elementor-widget-container\">\n\t\t\t<style>\/*! elementor - v3.14.0 - 26-06-2023 *\/\n.elementor-heading-title{padding:0;margin:0;line-height:1}.elementor-widget-heading .elementor-heading-title[class*=elementor-size-]>a{color:inherit;font-size:inherit;line-height:inherit}.elementor-widget-heading .elementor-heading-title.elementor-size-small{font-size:15px}.elementor-widget-heading .elementor-heading-title.elementor-size-medium{font-size:19px}.elementor-widget-heading .elementor-heading-title.elementor-size-large{font-size:29px}.elementor-widget-heading .elementor-heading-title.elementor-size-xl{font-size:39px}.elementor-widget-heading .elementor-heading-title.elementor-size-xxl{font-size:59px}<\/style><h2 class=\"elementor-heading-title elementor-size-default\">Ve\u0107 od 2015. godine<\/h2>\t\t<\/div>\n\t\t\t\t<\/div>\n\t\t\t\t<div class=\"elementor-element elementor-element-07d6d8b elementor-invisible kitify-has-entrance-animation elementor-widget elementor-widget-heading\" data-id=\"07d6d8b\" data-element_type=\"widget\" data-settings=\"{&quot;_animation&quot;:&quot;kitifyShortFadeInUp&quot;,&quot;_animation_delay&quot;:500}\" data-widget_type=\"heading.default\">\n\t\t\t\t<div class=\"elementor-widget-container\">\n\t\t\t<p class=\"elementor-heading-title elementor-size-default\">Papelart je svoje aktivnosti zapo\u010deo u svojoj proizvodnoj radionici od 300 m2 na izradi okvira stolica i sjedala 2015. godine te nastavio svoju proizvodnju obnavljaju\u0107i se u poslovnom razvoju. Od 2018. godine nastavlja slu\u017eiti svojim kupcima obnavljaju\u0107i svoje proizvodne procese i renoviraju\u0107i svoj strojni park u proizvodnom prostoru od 2500 m2. Papelart proizvodi stolice, fotelje i proizvode od oblikovanog lameliranog drva.<\/p>\t\t<\/div>\n\t\t\t\t<\/div>\n\t\t<div class=\"elementor-element elementor-element-187b67a e-flex e-con-boxed kitify-col-width-auto-no ignore-docs-style-no kitify-disable-relative-no elementor-invisible kitify-has-entrance-animation e-con\" data-id=\"187b67a\" data-element_type=\"container\" data-settings=\"{&quot;animation&quot;:&quot;kitifyShortFadeInUp&quot;,&quot;animation_delay&quot;:800,&quot;content_width&quot;:&quot;boxed&quot;}\">\n\t\t\t\t\t<div class=\"e-con-inner\">\n\t\t<div class=\"elementor-element elementor-element-9652f10 e-con-full e-flex kitify-col-width-auto-no ignore-docs-style-no kitify-disable-relative-no e-con\" data-id=\"9652f10\" data-element_type=\"container\" data-settings=\"{&quot;content_width&quot;:&quot;full&quot;}\">\n\t\t\t\t<div class=\"elementor-element elementor-element-536a16f elementor-widget elementor-widget-heading\" data-id=\"536a16f\" data-element_type=\"widget\" data-widget_type=\"heading.default\">\n\t\t\t\t<div class=\"elementor-widget-container\">\n\t\t\t<span class=\"elementor-heading-title elementor-size-default\"><strong>Fabrika:<\/strong> Cumhuriyet, \u00c7ALI KAVAK SOKAK NO:5-7 \/ 1, 16400 \u0130neg\u00f6l\/Bursa<\/span>\t\t<\/div>\n\t\t\t\t<\/div>\n\t\t\t\t<\/div>\n\t\t<div class=\"elementor-element elementor-element-ab8c27c e-con-full e-flex kitify-col-width-auto-no ignore-docs-style-no kitify-disable-relative-no e-con\" data-id=\"ab8c27c\" data-element_type=\"container\" data-settings=\"{&quot;content_width&quot;:&quot;full&quot;}\">\n\t\t\t\t<div class=\"elementor-element elementor-element-353f152 elementor-widget elementor-widget-heading\" data-id=\"353f152\" data-element_type=\"widget\" data-widget_type=\"heading.default\">\n\t\t\t\t<div class=\"elementor-widget-container\">\n\t\t\t<span class=\"elementor-heading-title elementor-size-default\"><strong>Telefon:<\/strong> +90(224) 718 59 57<br\/>\n+90(536) 586 69 07<\/span>\t\t<\/div>\n\t\t\t\t<\/div>\n\t\t\t\t<\/div>\n\t\t\t\t\t<\/div>\n\t\t\t\t<\/div>\n\t\t\t\t<\/div>\n\t\t\t\t\t<\/div>\n\t\t\t\t<\/div>\n\t\t<div class=\"elementor-element elementor-element-b89c238 e-flex e-con-boxed kitify-col-width-auto-no ignore-docs-style-no kitify-disable-relative-no e-root-container elementor-top-section e-con\" data-id=\"b89c238\" data-element_type=\"container\" data-settings=\"{&quot;content_width&quot;:&quot;boxed&quot;}\">\n\t\t\t\t\t<div class=\"e-con-inner\">\n\t\t<div class=\"elementor-element elementor-element-1ba2063 e-con-full e-flex kitify-col-width-auto-no ignore-docs-style-no kitify-disable-relative-no e-con\" data-id=\"1ba2063\" data-element_type=\"container\" data-settings=\"{&quot;content_width&quot;:&quot;full&quot;}\">\n\t\t\t\t<div class=\"elementor-element elementor-element-90b306f elementor-invisible kitify-has-entrance-animation elementor-widget elementor-widget-heading\" data-id=\"90b306f\" data-element_type=\"widget\" data-settings=\"{&quot;_animation&quot;:&quot;kitifyShortFadeInUp&quot;}\" data-widget_type=\"heading.default\">\n\t\t\t\t<div class=\"elementor-widget-container\">\n\t\t\t<h2 class=\"elementor-heading-title elementor-size-default\">Za\u0161to odabrati nas<\/h2>\t\t<\/div>\n\t\t\t\t<\/div>\n\t\t\t\t<div class=\"elementor-element elementor-element-3bc8d4f elementor-invisible kitify-has-entrance-animation elementor-widget elementor-widget-heading\" data-id=\"3bc8d4f\" data-element_type=\"widget\" data-settings=\"{&quot;_animation&quot;:&quot;kitifyShortFadeInUp&quot;,&quot;_animation_delay&quot;:400}\" data-widget_type=\"heading.default\">\n\t\t\t\t<div class=\"elementor-widget-container\">\n\t\t\t<p class=\"elementor-heading-title elementor-size-default\">Mi u Papelartu sura\u0111ujemo blisko sa na\u0161im kupcima, s ciljem razumijevanja njihovih potreba i ispunjavanja njihovih zahtjeva. Daju\u0107i prioritet zadovoljstvu kupaca, nastojimo ispuniti o\u010dekivanja Va\u0161ih mu\u0161terija.<\/p>\t\t<\/div>\n\t\t\t\t<\/div>\n\t\t\t\t<div class=\"elementor-element elementor-element-773ae72 elementor-icon-list--layout-traditional elementor-list-item-link-full_width elementor-invisible kitify-has-entrance-animation elementor-widget elementor-widget-icon-list\" data-id=\"773ae72\" data-element_type=\"widget\" data-settings=\"{&quot;_animation&quot;:&quot;kitifyShortFadeInUp&quot;,&quot;_animation_delay&quot;:500}\" data-widget_type=\"icon-list.default\">\n\t\t\t\t<div class=\"elementor-widget-container\">\n\t\t\t<link rel=\"stylesheet\" href=\"https:\/\/demo.oneroworks.com\/papelart\/wp-content\/uploads\/elementor\/css\/custom-widget-icon-list.min.css?ver=1689804095\">\t\t<ul class=\"elementor-icon-list-items\">\n\t\t\t\t\t\t\t<li class=\"elementor-icon-list-item\">\n\t\t\t\t\t\t\t\t\t\t\t<span class=\"elementor-icon-list-icon\">\n\t\t\t\t\t\t\t<i aria-hidden=\"true\" class=\"icofont icofont-square\"><\/i>\t\t\t\t\t\t<\/span>\n\t\t\t\t\t\t\t\t\t\t<span class=\"elementor-icon-list-text\">Visoka kvaliteta i trajnost<\/span>\n\t\t\t\t\t\t\t\t\t<\/li>\n\t\t\t\t\t\t\t\t<li class=\"elementor-icon-list-item\">\n\t\t\t\t\t\t\t\t\t\t\t<span class=\"elementor-icon-list-icon\">\n\t\t\t\t\t\t\t<i aria-hidden=\"true\" class=\"icofont icofont-square\"><\/i>\t\t\t\t\t\t<\/span>\n\t\t\t\t\t\t\t\t\t\t<span class=\"elementor-icon-list-text\">Mogu\u0107nost prilagodbe<\/span>\n\t\t\t\t\t\t\t\t\t<\/li>\n\t\t\t\t\t\t\t\t<li class=\"elementor-icon-list-item\">\n\t\t\t\t\t\t\t\t\t\t\t<span class=\"elementor-icon-list-icon\">\n\t\t\t\t\t\t\t<i aria-hidden=\"true\" class=\"icofont icofont-square\"><\/i>\t\t\t\t\t\t<\/span>\n\t\t\t\t\t\t\t\t\t\t<span class=\"elementor-icon-list-text\">Suradnja i usmjerenost na kupca<\/span>\n\t\t\t\t\t\t\t\t\t<\/li>\n\t\t\t\t\t\t\t\t<li class=\"elementor-icon-list-item\">\n\t\t\t\t\t\t\t\t\t\t\t<span class=\"elementor-icon-list-icon\">\n\t\t\t\t\t\t\t<i aria-hidden=\"true\" class=\"fas fa-square\"><\/i>\t\t\t\t\t\t<\/span>\n\t\t\t\t\t\t\t\t\t\t<span class=\"elementor-icon-list-text\">Brza proizvodnja i dostava<\/span>\n\t\t\t\t\t\t\t\t\t<\/li>\n\t\t\t\t\t\t<\/ul>\n\t\t\t\t<\/div>\n\t\t\t\t<\/div>\n\t\t\t\t<div class=\"elementor-element elementor-element-1392517 elementor-align-left elementor-invisible kitify-has-entrance-animation elementor-widget kitify elementor-kitify-button\" data-id=\"1392517\" data-element_type=\"widget\" data-settings=\"{&quot;_animation&quot;:&quot;kitifyShortFadeInUp&quot;,&quot;_animation_delay&quot;:600}\" data-widget_type=\"kitify-button.default\">\n\t\t\t\t<div class=\"elementor-widget-container\">\n\t\t\t        <div class=\"elementor-button-wrapper\">\r\n            <a href=\"https:\/\/papelart.com.tr\/sr\/contact-us\/\" class=\"elementor-button-link elementor-button elementor-btn-align-icon-right elementor-size-sm elementor-animation-wobble-horizontal\" role=\"button\">\r\n                        <span class=\"elementor-button-content-wrapper\">\r\n\t\t\t                <span class=\"elementor-button-icon elementor-align-icon-right\">\r\n\t\t\t\t<svg xmlns=\"http:\/\/www.w3.org\/2000\/svg\" width=\"18\" height=\"19\" viewbox=\"0 0 18 19\" fill=\"none\"><path d=\"M17.55 15.0184C17.491 15.0184 17.4324 15.0066 17.3778 14.9838C17.3232 14.9609 17.2736 14.9274 17.2319 14.8852C17.1901 14.8429 17.1569 14.7928 17.1343 14.7376C17.1117 14.6824 17.1001 14.6232 17.1001 14.5635V2.0121L0.770721 18.5216C0.595446 18.6988 0.310202 18.6994 0.134534 18.5216C-0.0411351 18.3437 -0.0407414 18.0553 0.134534 17.8784L16.4639 1.36889H3.99942C3.80142 1.31828 3.60004 1.16473 3.60004 0.863313C3.60004 0.5619 3.80142 0.459534 3.99942 0.459534H17.4994C17.7975 0.459534 18 0.66313 18 0.863313V14.5122C18 14.8136 17.7975 15.0184 17.55 15.0184Z\" fill=\"currentColor\"><\/path><\/svg>\t\t\t<\/span>\r\n            \t\t\t<span class=\"elementor-button-text\">Stupi u kontakt<\/span>\r\n\t\t<\/span>\r\n                    <\/a>\r\n        <\/div>\r\n        \t\t<\/div>\n\t\t\t\t<\/div>\n\t\t\t\t<\/div>\n\t\t<div class=\"elementor-element elementor-element-e046d48 e-con-full e-flex kitify-col-width-auto-no ignore-docs-style-no kitify-disable-relative-no e-con\" data-id=\"e046d48\" data-element_type=\"container\" data-settings=\"{&quot;content_width&quot;:&quot;full&quot;,&quot;background_background&quot;:&quot;classic&quot;}\">\n\t\t\t\t<\/div>\n\t\t\t\t\t<\/div>\n\t\t\t\t<\/div>\n\t\t\t\t\t\t\t<\/div>","protected":false},"excerpt":{"rendered":"<p>Home Since 2015 Papelart started its activities in its 300m2 production workshop on chair and seat frame manufacturing in 2015 and continued production by renewing itself in business development. As of 2018, it continues to serve its customers by renewing its production processes and renewing its machine park in its 2500m2 production area. Papelart produces chairs, armchairs and shaped laminated\u2026<\/p>","protected":false},"author":1,"featured_media":0,"parent":0,"menu_order":0,"comment_status":"closed","ping_status":"closed","template":"elementor_header_footer","meta":{"footnotes":""},"class_list":["post-68","page","type-page","status-publish","hentry"],"_links":{"self":[{"href":"https:\/\/papelart.com.tr\/sr\/wp-json\/wp\/v2\/pages\/68","targetHints":{"allow":["GET"]}}],"collection":[{"href":"https:\/\/papelart.com.tr\/sr\/wp-json\/wp\/v2\/pages"}],"about":[{"href":"https:\/\/papelart.com.tr\/sr\/wp-json\/wp\/v2\/types\/page"}],"author":[{"embeddable":true,"href":"https:\/\/papelart.com.tr\/sr\/wp-json\/wp\/v2\/users\/1"}],"replies":[{"embeddable":true,"href":"https:\/\/papelart.com.tr\/sr\/wp-json\/wp\/v2\/comments?post=68"}],"version-history":[{"count":10,"href":"https:\/\/papelart.com.tr\/sr\/wp-json\/wp\/v2\/pages\/68\/revisions"}],"predecessor-version":[{"id":3513,"href":"https:\/\/papelart.com.tr\/sr\/wp-json\/wp\/v2\/pages\/68\/revisions\/3513"}],"wp:attachment":[{"href":"https:\/\/papelart.com.tr\/sr\/wp-json\/wp\/v2\/media?parent=68"}],"curies":[{"name":"wp","href":"https:\/\/api.w.org\/{rel}","templated":true}]}}